{"id":3599,"date":"2024-03-29T10:59:19","date_gmt":"2024-03-29T10:59:19","guid":{"rendered":"https:\/\/www.raffaellopagani-ccsvi.it\/contacts\/"},"modified":"2025-04-29T13:05:09","modified_gmt":"2025-04-29T13:05:09","slug":"contacts-chirurgie-vasculaire-ccsvi","status":"publish","type":"page","link":"https:\/\/www.raffaellopagani-ccsvi.it\/fr\/contacts-chirurgie-vasculaire-ccsvi\/","title":{"rendered":"Contacts"},"content":{"rendered":"\t\t<div data-elementor-type=\"wp-page\" data-elementor-id=\"3599\" class=\"elementor elementor-3599 elementor-1101\">\n\t\t\t\t\t\t<section class=\"elementor-section elementor-top-section elementor-element elementor-element-68eacab elementor-section-boxed elementor-section-height-default elementor-section-height-default\" data-id=\"68eacab\" data-element_type=\"section\" data-e-type=\"section\">\n\t\t\t\t\t\t<div class=\"elementor-container elementor-column-gap-default\">\n\t\t\t\t\t<div class=\"elementor-column elementor-col-50 elementor-top-column elementor-element elementor-element-de2c4d4\" data-id=\"de2c4d4\" data-element_type=\"column\" data-e-type=\"column\" data-settings=\"{&quot;background_background&quot;:&quot;classic&quot;}\">\n\t\t\t<div class=\"elementor-widget-wrap elementor-element-populated\">\n\t\t\t\t\t\t<div class=\"elementor-element elementor-element-6f74a6d elementor-widget elementor-widget-title\" data-id=\"6f74a6d\" data-element_type=\"widget\" data-e-type=\"widget\" data-widget_type=\"title.default\">\n\t\t\t\t<div class=\"elementor-widget-container\">\n\t\t\t\t\t\r\n        <div class=\"theme-title ht-split-text  \">\r\n              \r\n          <h2 class=\"text-anime-style\"> Contactez le Dr Raffaello Pagani\n\n<\/h2>\r\n          <p>Vous avez besoin d\u2019une \u00e9valuation sp\u00e9cialis\u00e9e ou souhaitez obtenir plus d\u2019informations sur la CCSVI ? Remplissez le formulaire ou utilisez les coordonn\u00e9es pour prendre rendez-vous.<\/p>        \r\n\r\n        <\/div>\r\n        \r\n\r\n\r\n        \t\t\t\t<\/div>\n\t\t\t\t<\/div>\n\t\t\t\t<div class=\"elementor-element elementor-element-abaa78a elementor-widget elementor-widget-spacer\" data-id=\"abaa78a\" data-element_type=\"widget\" data-e-type=\"widget\" data-widget_type=\"spacer.default\">\n\t\t\t\t<div class=\"elementor-widget-container\">\n\t\t\t\t\t\t\t<div class=\"elementor-spacer\">\n\t\t\t<div class=\"elementor-spacer-inner\"><\/div>\n\t\t<\/div>\n\t\t\t\t\t\t<\/div>\n\t\t\t\t<\/div>\n\t\t\t\t<div class=\"elementor-element elementor-element-2b14435 elementor-widget elementor-widget-shortcode\" data-id=\"2b14435\" data-element_type=\"widget\" data-e-type=\"widget\" data-widget_type=\"shortcode.default\">\n\t\t\t\t<div class=\"elementor-widget-container\">\n\t\t\t\t\t\t\t<div class=\"elementor-shortcode\">\n<div class=\"wpcf7 no-js\" id=\"wpcf7-f3820-o1\" lang=\"fr-FR\" dir=\"ltr\" data-wpcf7-id=\"3820\">\n<div class=\"screen-reader-response\"><p role=\"status\" aria-live=\"polite\" aria-atomic=\"true\"><\/p> <ul><\/ul><\/div>\n<form action=\"\/fr\/wp-json\/wp\/v2\/pages\/3599#wpcf7-f3820-o1\" method=\"post\" class=\"wpcf7-form init\" aria-label=\"Formulaire de contact\" novalidate=\"novalidate\" data-status=\"init\">\n<fieldset class=\"hidden-fields-container\"><input type=\"hidden\" name=\"_wpcf7\" value=\"3820\" \/><input type=\"hidden\" name=\"_wpcf7_version\" value=\"6.1.5\" \/><input type=\"hidden\" name=\"_wpcf7_locale\" value=\"fr_FR\" \/><input type=\"hidden\" name=\"_wpcf7_unit_tag\" value=\"wpcf7-f3820-o1\" \/><input type=\"hidden\" name=\"_wpcf7_container_post\" value=\"0\" \/><input type=\"hidden\" name=\"_wpcf7_posted_data_hash\" value=\"\" \/>\n<\/fieldset>\n<div class=\"appointment-form\">\n  <div class=\"row\">\n<div class=\"col-md-6 mb-3\"><span class=\"wpcf7-form-control-wrap\" data-name=\"your-name\"><input size=\"40\" maxlength=\"400\" class=\"wpcf7-form-control wpcf7-text wpcf7-validates-as-required\" aria-required=\"true\" aria-invalid=\"false\" placeholder=\"Pr\u00e9nom - Nom\" value=\"\" type=\"text\" name=\"your-name\" \/><\/span><\/div>\n    <div class=\"col-md-6 mb-3\"><span class=\"wpcf7-form-control-wrap\" data-name=\"your-email\"><input size=\"40\" maxlength=\"400\" class=\"wpcf7-form-control wpcf7-email wpcf7-validates-as-required wpcf7-text wpcf7-validates-as-email\" aria-required=\"true\" aria-invalid=\"false\" placeholder=\"Email\" value=\"\" type=\"email\" name=\"your-email\" \/><\/span><\/div>\n    <div class=\"col-md-12 mb-3\"><span class=\"wpcf7-form-control-wrap\" data-name=\"phonetext-468\"><input size=\"40\" class=\"wpcf7-form-control wpcf7-phonetext wpcf7-validates-as-required wpcf7-text wpcf7-validates-as-phonetext\" data-numberonly=\"true\" aria-required=\"true\" aria-invalid=\"false\" placeholder=\"T\u00e9l\u00e9phone\" value=\"\" type=\"text\" name=\"phonetext-468\" \/><input type=\"hidden\" name=\"phonetext-468-country-code\" class=\"wpcf7-phonetext-country-code\" \/><\/span><\/div>    \n     <div class=\"col-md-12 mb-3\"><span class=\"wpcf7-form-control-wrap\" data-name=\"your-message\"><textarea cols=\"40\" rows=\"10\" maxlength=\"2000\" class=\"wpcf7-form-control wpcf7-textarea wpcf7-validates-as-required\" aria-required=\"true\" aria-invalid=\"false\" placeholder=\"Demande\" name=\"your-message\"><\/textarea><\/span><\/div>\n<div class=\"col-md-12 mb-3\"><span class=\"wpcf7-form-control-wrap\" data-name=\"privacy\"><span class=\"wpcf7-form-control wpcf7-acceptance\"><span class=\"wpcf7-list-item\"><label><input type=\"checkbox\" name=\"privacy\" value=\"1\" aria-invalid=\"false\" \/><span class=\"wpcf7-list-item-label\">Conform\u00e9ment \u00e0 l'article 7 du R\u00e8glement UE 2016\/679, j'accepte le traitement des donn\u00e9es personnelles conform\u00e9ment \u00e0 la   <u><a href=\"\/privacy-policy\/\" target=\"_blank\" title=\"Politique de confidentialit\u00e9\">Politique de confidentialit\u00e9<\/a><\/span><\/label><\/span><\/span><\/span><\/u><\/div>\n    <div class=\"col-md-12 mt-4\"><input class=\"wpcf7-form-control wpcf7-submit has-spinner\" type=\"submit\" value=\"Demander un rendez-vous\" \/><\/div>\n    <\/div>\n  <\/div><div class=\"wpcf7-response-output\" aria-hidden=\"true\"><\/div>\n<\/form>\n<\/div>\n<\/div>\n\t\t\t\t\t\t<\/div>\n\t\t\t\t<\/div>\n\t\t\t\t\t<\/div>\n\t\t<\/div>\n\t\t\t\t<div class=\"elementor-column elementor-col-50 elementor-top-column elementor-element elementor-element-7fcf060 bg-img-sec contact-img\" data-id=\"7fcf060\" data-element_type=\"column\" data-e-type=\"column\" data-settings=\"{&quot;background_background&quot;:&quot;classic&quot;}\">\n\t\t\t<div class=\"elementor-widget-wrap elementor-element-populated\">\n\t\t\t\t\t\t<div class=\"elementor-element elementor-element-1f2a463 elementor-widget elementor-widget-contact-list\" data-id=\"1f2a463\" data-element_type=\"widget\" data-e-type=\"widget\" data-widget_type=\"contact-list.default\">\n\t\t\t\t<div class=\"elementor-widget-container\">\n\t\t\t\t\t\r\n        <!-- Start rendering the output -->\r\n        \r\n        <div class=\"contact-media \">\r\n            <span>Contacts rapides<\/span>\r\n                <ul class=\"list-unstyled mb-0\">\r\n                          <li><i class=\"flaticon flaticon-location\"><\/i> \r\n              <div class=\"contact-media-text\">\r\n               \r\n            <p class=\"mb-0\">Centro NovaMed \u2013 Via G. Mameli 5, Sanremo (IM)<\/p>\r\n            <\/div>\r\n        <\/li>\r\n                            <li><i class=\"flaticon flaticon-email\"><\/i> \r\n              <div class=\"contact-media-text\">\r\n               <a href=\"mailto: themeht23@gmail.com\">raffaellopagani@gmail.com<\/a>\r\n           <\/div>\r\n        <\/li>\r\n                            <li><i class=\"flaticon flaticon-doctor-consultation\"><\/i> \r\n              <div class=\"contact-media-text\">\r\n               <a href=\"tel:+393381740483\">tel:+39 338 17 40 483<\/a>\r\n           <\/div>\r\n        <\/li>\r\n                          <\/ul>\r\n            <div class=\"ht-shape-btn\"><svg width=\"111\" height=\"111\" viewBox=\"0 0 111 111\" fill=\"none\" xmlns=\"http:\/\/www.w3.org\/2000\/svg\">\r\n                        <path fill-rule=\"evenodd\" clip-rule=\"evenodd\" d=\"M0 0C19.33 0 35 15.67 35 35V41C35 60.33 50.67 76 70 76H76C95.33 76 111 91.67 111 111V0H0Z\" fill=\"none\"><\/path>\r\n                    <\/svg><\/div>\r\n            <a class=\"location-btn\" href=\"\" target=\"_blank\"><i class=\"flaticon-location-pin\"><\/i><\/a>\r\n            <\/div>\r\n\r\n\r\n        <!-- End rendering the output -->\r\n\r\n\r\n\r\n        \t\t\t\t<\/div>\n\t\t\t\t<\/div>\n\t\t\t\t<div class=\"elementor-element elementor-element-fe42d2b elementor-widget elementor-widget-google_maps\" data-id=\"fe42d2b\" data-element_type=\"widget\" data-e-type=\"widget\" data-widget_type=\"google_maps.default\">\n\t\t\t\t<div class=\"elementor-widget-container\">\n\t\t\t\t\t\t\t<div class=\"elementor-custom-embed\">\n\t\t\t<iframe loading=\"lazy\"\n\t\t\t\t\tsrc=\"https:\/\/maps.google.com\/maps?q=Novamed%20S.R.L.%20Via%20Goffredo%20Mameli%2C%205%2C%2018038%20Sanremo%20IM%2C%20Italia&#038;t=m&#038;z=14&#038;output=embed&#038;iwloc=near\"\n\t\t\t\t\ttitle=\"Novamed S.R.L. Via Goffredo Mameli, 5, 18038 Sanremo IM, Italia\"\n\t\t\t\t\taria-label=\"Novamed S.R.L. Via Goffredo Mameli, 5, 18038 Sanremo IM, Italia\"\n\t\t\t><\/iframe>\n\t\t<\/div>\n\t\t\t\t\t\t<\/div>\n\t\t\t\t<\/div>\n\t\t\t\t\t<\/div>\n\t\t<\/div>\n\t\t\t\t\t<\/div>\n\t\t<\/section>\n\t\t\t\t<\/div>\n\t\t","protected":false},"excerpt":{"rendered":"<p>Contactez le Dr Raffaello Pagani Vous avez besoin d\u2019une \u00e9valuation sp\u00e9cialis\u00e9e ou souhaitez obtenir plus d\u2019informations sur la CCSVI ? Remplissez le formulaire ou utilisez les coordonn\u00e9es pour prendre rendez-vous. Contacts rapides Centro NovaMed \u2013 Via G. Mameli 5, Sanremo (IM) raffaellopagani@gmail.com tel:+39 338 17 40 483<\/p>\n","protected":false},"author":1,"featured_media":0,"parent":0,"menu_order":0,"comment_status":"closed","ping_status":"closed","template":"","meta":{"_acf_changed":false,"footnotes":""},"class_list":["post-3599","page","type-page","status-publish","hentry"],"acf":[],"aioseo_notices":[],"_links":{"self":[{"href":"https:\/\/www.raffaellopagani-ccsvi.it\/fr\/wp-json\/wp\/v2\/pages\/3599","targetHints":{"allow":["GET"]}}],"collection":[{"href":"https:\/\/www.raffaellopagani-ccsvi.it\/fr\/wp-json\/wp\/v2\/pages"}],"about":[{"href":"https:\/\/www.raffaellopagani-ccsvi.it\/fr\/wp-json\/wp\/v2\/types\/page"}],"author":[{"embeddable":true,"href":"https:\/\/www.raffaellopagani-ccsvi.it\/fr\/wp-json\/wp\/v2\/users\/1"}],"replies":[{"embeddable":true,"href":"https:\/\/www.raffaellopagani-ccsvi.it\/fr\/wp-json\/wp\/v2\/comments?post=3599"}],"version-history":[{"count":0,"href":"https:\/\/www.raffaellopagani-ccsvi.it\/fr\/wp-json\/wp\/v2\/pages\/3599\/revisions"}],"wp:attachment":[{"href":"https:\/\/www.raffaellopagani-ccsvi.it\/fr\/wp-json\/wp\/v2\/media?parent=3599"}],"curies":[{"name":"wp","href":"https:\/\/api.w.org\/{rel}","templated":true}]}}